{"id":135,"date":"2023-11-01T17:21:46","date_gmt":"2023-11-01T16:21:46","guid":{"rendered":"https:\/\/sala.krzyzewscy.pl\/?page_id=135"},"modified":"2025-03-20T10:41:59","modified_gmt":"2025-03-20T09:41:59","slug":"kontakt","status":"publish","type":"page","link":"https:\/\/sala.krzyzewscy.pl\/?page_id=135","title":{"rendered":"Kontakt"},"content":{"rendered":"\n<div class=\"wp-block-gutenverse-divider guten-element guten-divider guten-EyiIa1 animated guten-element-hide slow desktop-fadeInDown\"><div class=\"guten-divider-wrapper\"><div class=\"guten-divider-double guten-divider-line guten-divider-regular\"><\/div><span class=\"guten-divider-content\"><span><img loading=\"lazy\" decoding=\"async\" width=\"70\" height=\"70\" class=\"wp-image-48 lazyload\" style=\"--smush-placeholder-width: 70px; --smush-placeholder-aspect-ratio: 70\/70;width: 70px;\" data-src=\"https:\/\/sala.krzyzewscy.pl\/wp-content\/uploads\/2023\/10\/LOGO-przezroczyste.png\" alt=\"\" src=\"data:image\/gif;base64,R0lGODlhAQABAAAAACH5BAEKAAEALAAAAAABAAEAAAICTAEAOw==\"><noscript><img loading=\"lazy\" decoding=\"async\" width=\"70\" height=\"70\" class=\"wp-image-48\" style=\"width: 70px;\" src=\"https:\/\/sala.krzyzewscy.pl\/wp-content\/uploads\/2023\/10\/LOGO-przezroczyste.png\" alt=\"\"><\/noscript><\/span><\/span><div class=\"guten-divider-double guten-divider-line guten-divider-regular\"><\/div><\/div><\/div>\n\n\n\n<div class=\"wp-block-stackable-spacer stk-block-spacer stk--no-padding stk-block stk-05da73b\" data-block-id=\"05da73b\"><style>.stk-05da73b{height:40px !important}<\/style><\/div>\n\n\n\n<div class=\"wp-block-stackable-heading stk-block-heading stk-block-heading--v2 stk-block stk-6000d8b stk-block-background\" id=\"sala-znajduje-sie-w-sercu-kurpi-z-dala-od-miejskiego-zgielku-pomiedzy-myszyncem-a-ostroleka\" data-block-id=\"6000d8b\"><style>.stk-6000d8b{background-color:#ffffff !important;border-top-left-radius:0px !important;border-top-right-radius:0px !important;border-bottom-right-radius:0px !important;border-bottom-left-radius:0px !important;overflow:hidden !important;box-shadow:0px 2px 35px 12px rgba(153,153,153,0.2) !important;margin-bottom:0px !important}.stk-6000d8b:before{background-color:#ffffff !important}<\/style><h2 class=\"stk-block-heading__text has-text-align-center\">Sala znajduje si\u0119 w sercu Kurpi, z dala od miejskiego zgie\u0142ku pomi\u0119dzy Myszy\u0144cem a Ostro\u0142\u0119k\u0105.<\/h2><\/div>\n\n\n\n<div class=\"wp-block-stackable-spacer stk-block-spacer stk--no-padding stk-block stk-43f8081\" data-block-id=\"43f8081\"><style>.stk-43f8081{height:40px !important}<\/style><\/div>\n\n\n\n<div id=\"wp-block-themeisle-blocks-advanced-columns-40db0924\" class=\"wp-block-themeisle-blocks-advanced-columns alignwide has-2-columns has-desktop-equal-layout has-tablet-equal-layout has-mobile-collapsedRows-layout has-vertical-top ticss-c00aadba\"><div class=\"wp-block-themeisle-blocks-advanced-columns-overlay\"><\/div><div class=\"innerblocks-wrap\">\n<div id=\"wp-block-themeisle-blocks-advanced-column-006aede9\" class=\"wp-block-themeisle-blocks-advanced-column\">\n<div id=\"wp-block-themeisle-blocks-font-awesome-icons-2b7e7997\" class=\"wp-block-themeisle-blocks-font-awesome-icons\"><span class=\"wp-block-themeisle-blocks-font-awesome-icons-container\"><svg xmlns=\"http:\/\/www.w3.org\/2000\/svg\" viewBox=\"0 0 1800 1800\"><path d=\"M531.087,344.727c0.247,0,0.492,0.033,0.739,0.033h453.558c16.819,0,30.444-13.625,30.444-30.436 c0-16.815-13.625-30.435-30.444-30.435H638.226H531.826c-16.811,0-30.44,13.62-30.44,30.435 C501.386,330.885,514.624,344.331,531.087,344.727z\"><\/path><path d=\"M531.826,497.389h749.422c16.814,0,30.443-13.629,30.443-30.439c0-16.814-13.629-30.439-30.443-30.439 H531.826c-16.811,0-30.44,13.625-30.44,30.439C501.386,483.76,515.016,497.389,531.826,497.389z\"><\/path><path d=\"M531.826,650.009h749.422c16.814,0,30.443-13.633,30.443-30.444c0-8.872-3.822-16.827-9.877-22.389 c-5.424-4.982-12.625-8.046-20.566-8.046H531.826c-7.938,0-15.143,3.064-20.567,8.046c-6.054,5.562-9.873,13.517-9.873,22.389 C501.386,636.376,515.016,650.009,531.826,650.009z\"><\/path><path d=\"M1311.691,772.194c0-16.806-13.629-30.436-30.443-30.436H531.826c-16.811,0-30.44,13.629-30.44,30.436 c0,16.815,13.629,30.444,30.44,30.444h749.422C1298.063,802.638,1311.691,789.009,1311.691,772.194z\"><\/path><path d=\"M1772.088,533.511c-2.481-3.422-5.691-6.4-9.603-8.622l-246.454-139.961v-82.389v-9.853 c-1.264-7.738-5.432-14.501-11.406-19.066l-49.465-42.835l-131.073-113.508l-61.889-53.596c-5.286-4.582-11.866-7.021-18.591-7.275 h-2.197H937.55h-66.904H383.746c-47.809,0-86.705,38.895-86.705,86.696V382.15L61.554,515.893 c-31.678,11.565-54.396,41.913-54.396,77.54v1067.543c0,45.554,37.064,82.618,82.622,82.618h1625.598 c45.558,0,82.623-37.064,82.623-82.618V593.433C1798,569.839,1788.002,548.583,1772.088,533.511z M1614.426,510.814l92.579,52.583 l-11.661,8.301l-179.313,127.664V571.698v-60.883v-55.873L1614.426,510.814z M1405.5,267.454h-132.895V152.361L1405.5,267.454z M357.922,571.698v-60.883v-93.226v-70.01V143.102c0-14.239,11.585-25.825,25.824-25.825h379.699H886.73h34.734h123.285h167.617 v180.296c0,16.631,13.483,30.11,30.119,30.11h212.674v22.668v70.015v90.448v60.883V742.7l-397.298,282.87l-50.781,36.148 l-18.591,13.241l-81.088,57.728l-81.093-57.728l-18.611-13.25l-50.782-36.155L357.922,741.483V571.698z M193.76,510.814 l103.281-58.649v58.649v60.883V698.14L119.448,571.698l-14.597-10.395L193.76,510.814z M68.036,1648.984V609.822l229.005,163.047 l60.88,43.344L710.7,1067.38l-8.372,7.58l-67.267,60.871L68.036,1648.984z M121.495,1682.723l604.294-546.892l35.693-32.304 l45.37,32.304l82.897,59.028c5.283,3.76,11.462,5.637,17.653,5.637c6.187,0,12.369-1.877,17.652-5.637l82.889-59.028l45.354-32.286 l35.686,32.286l604.311,546.892H121.495z M1737.119,1640.271l-557.41-504.439l-67.267-60.871l-8.359-7.563l351.077-249.962 l60.871-43.348l221.088-157.407V1640.271z\"><\/path><\/svg><\/span><\/div>\n\n\n\n<div class=\"wp-block-stackable-spacer stk-block-spacer stk--no-padding stk-block stk-0abe32a\" data-block-id=\"0abe32a\"><style>.stk-0abe32a{height:15px !important}<\/style><\/div>\n\n\n\n<h2 id=\"wp-block-themeisle-blocks-advanced-heading-8e35b90f\" class=\"wp-block-themeisle-blocks-advanced-heading wp-block-themeisle-blocks-advanced-heading-8e35b90f\">Szukasz wolnego terminu?<\/h2>\n\n\n\n<p class=\"has-medium-font-size\"><strong>Zapraszamy do kontaktu 7 dni w tygodniu.<\/strong><\/p>\n\n\n\n<div id=\"wp-block-themeisle-blocks-icon-list-dfc1fb3a\" class=\"wp-block-themeisle-blocks-icon-list\">\n<div id=\"wp-block-themeisle-blocks-icon-list-item-e6a57e87\" class=\"wp-block-themeisle-blocks-icon-list-item\"><i class=\"fas fa-phone wp-block-themeisle-blocks-icon-list-item-icon\"><\/i><p class=\"wp-block-themeisle-blocks-icon-list-item-content\">+48 604 589 356<\/p><\/div>\n\n\n\n<div id=\"wp-block-themeisle-blocks-icon-list-item-648b3a6e\" class=\"wp-block-themeisle-blocks-icon-list-item\"><i class=\"far fa-envelope wp-block-themeisle-blocks-icon-list-item-icon-custom\"><\/i><p class=\"wp-block-themeisle-blocks-icon-list-item-content-custom\"><a href=\"mailto:ewa@agroewa.pl\">ewa@agroewa.pl<\/a><\/p><\/div>\n\n\n\n<div id=\"wp-block-themeisle-blocks-icon-list-item-d4eec3f8\" class=\"wp-block-themeisle-blocks-icon-list-item\"><i class=\"fas fa-map-marker-alt wp-block-themeisle-blocks-icon-list-item-icon\"><\/i><p class=\"wp-block-themeisle-blocks-icon-list-item-content\">Agroturystyka Sala Bankietowa Krzy\u017cewscy <br>Adam Krzy\u017cewski<br>ul. Wsp\u00f3lna 2<br>07-436 Lipniki<\/p><\/div>\n\n\n\n<div id=\"wp-block-themeisle-blocks-icon-list-item-7dc8701b\" class=\"wp-block-themeisle-blocks-icon-list-item\"><i class=\"fas fa-angle-double-right wp-block-themeisle-blocks-icon-list-item-icon\"><\/i><p class=\"wp-block-themeisle-blocks-icon-list-item-content\">NIP 758 138 23 07<\/p><\/div>\n\n\n\n<div id=\"wp-block-themeisle-blocks-icon-list-item-704a181b\" class=\"wp-block-themeisle-blocks-icon-list-item\"><i class=\"fas fa-piggy-bank wp-block-themeisle-blocks-icon-list-item-icon\"><\/i><p class=\"wp-block-themeisle-blocks-icon-list-item-content\">PKOBP 70 1020 3802 0000 1202 0253 8320<\/p><\/div>\n<\/div>\n\n\n\n<div class=\"wp-block-stackable-spacer stk-block-spacer stk--no-padding stk-block stk-5fc21a1\" data-block-id=\"5fc21a1\"><style>.stk-5fc21a1{height:30px !important}<\/style><\/div>\n\n\n\n<h2 id=\"wp-block-themeisle-blocks-advanced-heading-9b27b614\" class=\"wp-block-themeisle-blocks-advanced-heading wp-block-themeisle-blocks-advanced-heading-9b27b614\">Znajd\u017a nas:<\/h2>\n\n\n\n<ul class=\"wp-block-social-links has-huge-icon-size is-style-logos-only is-horizontal is-content-justification-center is-layout-flex wp-container-core-social-links-is-layout-2f0dc101 wp-block-social-links-is-layout-flex\"><li class=\"wp-social-link wp-social-link-facebook  wp-block-social-link\"><a rel=\"https:\/\/www.facebook.com\/profile.php?id=100065299038158 noopener nofollow\" target=\"_blank\" href=\"https:\/\/www.facebook.com\/profile.php?id=100065299038158\" class=\"wp-block-social-link-anchor\"><svg width=\"24\" height=\"24\" viewBox=\"0 0 24 24\" version=\"1.1\" xmlns=\"http:\/\/www.w3.org\/2000\/svg\" aria-hidden=\"true\" focusable=\"false\"><path d=\"M12 2C6.5 2 2 6.5 2 12c0 5 3.7 9.1 8.4 9.9v-7H7.9V12h2.5V9.8c0-2.5 1.5-3.9 3.8-3.9 1.1 0 2.2.2 2.2.2v2.5h-1.3c-1.2 0-1.6.8-1.6 1.6V12h2.8l-.4 2.9h-2.3v7C18.3 21.1 22 17 22 12c0-5.5-4.5-10-10-10z\"><\/path><\/svg><span class=\"wp-block-social-link-label screen-reader-text\">Facebook sala bankietowa Krzy\u017cewscy<\/span><\/a><\/li>\n\n<li class=\"wp-social-link wp-social-link-instagram  wp-block-social-link\"><a rel=\"https:\/\/www.instagram.com\/krzyzewscy_sala_bankietowa\/ noopener nofollow\" target=\"_blank\" href=\"https:\/\/www.instagram.com\/krzyzewscy_sala_bankietowa\/\" class=\"wp-block-social-link-anchor\"><svg width=\"24\" height=\"24\" viewBox=\"0 0 24 24\" version=\"1.1\" xmlns=\"http:\/\/www.w3.org\/2000\/svg\" aria-hidden=\"true\" focusable=\"false\"><path d=\"M12,4.622c2.403,0,2.688,0.009,3.637,0.052c0.877,0.04,1.354,0.187,1.671,0.31c0.42,0.163,0.72,0.358,1.035,0.673 c0.315,0.315,0.51,0.615,0.673,1.035c0.123,0.317,0.27,0.794,0.31,1.671c0.043,0.949,0.052,1.234,0.052,3.637 s-0.009,2.688-0.052,3.637c-0.04,0.877-0.187,1.354-0.31,1.671c-0.163,0.42-0.358,0.72-0.673,1.035 c-0.315,0.315-0.615,0.51-1.035,0.673c-0.317,0.123-0.794,0.27-1.671,0.31c-0.949,0.043-1.233,0.052-3.637,0.052 s-2.688-0.009-3.637-0.052c-0.877-0.04-1.354-0.187-1.671-0.31c-0.42-0.163-0.72-0.358-1.035-0.673 c-0.315-0.315-0.51-0.615-0.673-1.035c-0.123-0.317-0.27-0.794-0.31-1.671C4.631,14.688,4.622,14.403,4.622,12 s0.009-2.688,0.052-3.637c0.04-0.877,0.187-1.354,0.31-1.671c0.163-0.42,0.358-0.72,0.673-1.035 c0.315-0.315,0.615-0.51,1.035-0.673c0.317-0.123,0.794-0.27,1.671-0.31C9.312,4.631,9.597,4.622,12,4.622 M12,3 C9.556,3,9.249,3.01,8.289,3.054C7.331,3.098,6.677,3.25,6.105,3.472C5.513,3.702,5.011,4.01,4.511,4.511 c-0.5,0.5-0.808,1.002-1.038,1.594C3.25,6.677,3.098,7.331,3.054,8.289C3.01,9.249,3,9.556,3,12c0,2.444,0.01,2.751,0.054,3.711 c0.044,0.958,0.196,1.612,0.418,2.185c0.23,0.592,0.538,1.094,1.038,1.594c0.5,0.5,1.002,0.808,1.594,1.038 c0.572,0.222,1.227,0.375,2.185,0.418C9.249,20.99,9.556,21,12,21s2.751-0.01,3.711-0.054c0.958-0.044,1.612-0.196,2.185-0.418 c0.592-0.23,1.094-0.538,1.594-1.038c0.5-0.5,0.808-1.002,1.038-1.594c0.222-0.572,0.375-1.227,0.418-2.185 C20.99,14.751,21,14.444,21,12s-0.01-2.751-0.054-3.711c-0.044-0.958-0.196-1.612-0.418-2.185c-0.23-0.592-0.538-1.094-1.038-1.594 c-0.5-0.5-1.002-0.808-1.594-1.038c-0.572-0.222-1.227-0.375-2.185-0.418C14.751,3.01,14.444,3,12,3L12,3z M12,7.378 c-2.552,0-4.622,2.069-4.622,4.622S9.448,16.622,12,16.622s4.622-2.069,4.622-4.622S14.552,7.378,12,7.378z M12,15 c-1.657,0-3-1.343-3-3s1.343-3,3-3s3,1.343,3,3S13.657,15,12,15z M16.804,6.116c-0.596,0-1.08,0.484-1.08,1.08 s0.484,1.08,1.08,1.08c0.596,0,1.08-0.484,1.08-1.08S17.401,6.116,16.804,6.116z\"><\/path><\/svg><span class=\"wp-block-social-link-label screen-reader-text\">Instagram Sala Bankietowa Krzy\u017cewscy<\/span><\/a><\/li><\/ul>\n<\/div>\n\n\n\n<div id=\"wp-block-themeisle-blocks-advanced-column-ee3078f9\" class=\"wp-block-themeisle-blocks-advanced-column\">\n<div class=\"guten-element gutenverse-maps guten-MMDFEQ animated guten-element-hide desktop-fadeIn\"><iframe frameborder=\"0\" scrolling=\"no\" marginheight=\"0\" marginwidth=\"0\" data-src=\"https:\/\/maps.google.com\/maps?q=Sala%20Bankietowa%20%22Krzy%C5%BCewscy%22%2C%20Lipniki%2C%20Polska&amp;z=14&amp;t=m&amp;output=embed&amp;iwloc=near\" title=\"Sala Bankietowa &quot;Krzy\u017cewscy&quot;, Lipniki, Polska\" src=\"data:image\/gif;base64,R0lGODlhAQABAAAAACH5BAEKAAEALAAAAAABAAEAAAICTAEAOw==\" class=\"lazyload\" data-load-mode=\"1\"><\/iframe><\/div>\n<\/div>\n<\/div><\/div>\n","protected":false},"excerpt":{"rendered":"<p>Sala znajduje si\u0119 w sercu Kurpi, z dala od miejskiego zgie\u0142ku pomi\u0119dzy Myszy\u0144cem a Ostro\u0142\u0119k\u0105.<\/p>\n","protected":false},"author":1,"featured_media":0,"parent":0,"menu_order":0,"comment_status":"closed","ping_status":"closed","template":"","meta":{"_uag_custom_page_level_css":"","_themeisle_gutenberg_block_has_review":false,"footnotes":""},"class_list":["post-135","page","type-page","status-publish","hentry","entry"],"featured_image_urls":{"full":"","thumbnail":"","medium":"","medium_large":"","large":"","1536x1536":"","2048x2048":"","ocean-thumb-m":"","ocean-thumb-ml":"","ocean-thumb-l":""},"post_excerpt_stackable":"<p>Sala znajduje si\u0119 w sercu Kurpi, z dala od miejskiego zgie\u0142ku pomi\u0119dzy Myszy\u0144cem a Ostro\u0142\u0119k\u0105. Szukasz wolnego terminu? Zapraszamy do kontaktu 7 dni w tygodniu. +48 604 589 356 ewa@agroewa.pl Agroturystyka Sala Bankietowa Krzy\u017cewscy Adam Krzy\u017cewskiul. Wsp\u00f3lna 207-436 Lipniki NIP 758 138 23 07 PKOBP 70 1020 3802 0000 1202 0253 8320 Znajd\u017a nas: Facebook sala bankietowa Krzy\u017cewscy Instagram Sala Bankietowa Krzy\u017cewscy<\/p>\n","category_list":"","author_info":{"name":"Feder92","url":"https:\/\/sala.krzyzewscy.pl\/?author=1"},"comments_num":"0 comments","yoast_head":"<!-- This site is optimized with the Yoast SEO plugin v23.7 - https:\/\/yoast.com\/wordpress\/plugins\/seo\/ -->\n<title>Kontakt - Sala bankietowa Krzy\u017cewscy<\/title>\n<meta name=\"robots\" content=\"index, follow, max-snippet:-1, max-image-preview:large, max-video-preview:-1\" \/>\n<link rel=\"canonical\" href=\"https:\/\/sala.krzyzewscy.pl\/?page_id=135\" \/>\n<meta property=\"og:locale\" content=\"pl_PL\" \/>\n<meta property=\"og:type\" content=\"article\" \/>\n<meta property=\"og:title\" content=\"Kontakt - Sala bankietowa Krzy\u017cewscy\" \/>\n<meta property=\"og:description\" content=\"Sala znajduje si\u0119 w sercu Kurpi, z dala od miejskiego zgie\u0142ku pomi\u0119dzy Myszy\u0144cem a Ostro\u0142\u0119k\u0105.\" \/>\n<meta property=\"og:url\" content=\"https:\/\/sala.krzyzewscy.pl\/?page_id=135\" \/>\n<meta property=\"og:site_name\" content=\"Sala bankietowa Krzy\u017cewscy\" \/>\n<meta property=\"article:publisher\" content=\"https:\/\/www.facebook.com\/profile.php?id=100065299038158\" \/>\n<meta property=\"article:modified_time\" content=\"2025-03-20T09:41:59+00:00\" \/>\n<meta property=\"og:image\" content=\"https:\/\/sala.krzyzewscy.pl\/wp-content\/uploads\/2023\/10\/LOGO-przezroczyste.png\" \/>\n\t<meta property=\"og:image:width\" content=\"500\" \/>\n\t<meta property=\"og:image:height\" content=\"500\" \/>\n\t<meta property=\"og:image:type\" content=\"image\/png\" \/>\n<meta name=\"twitter:card\" content=\"summary_large_image\" \/>\n<meta name=\"twitter:label1\" content=\"Szacowany czas czytania\" \/>\n\t<meta name=\"twitter:data1\" content=\"1 minuta\" \/>\n<script type=\"application\/ld+json\" class=\"yoast-schema-graph\">{\"@context\":\"https:\/\/schema.org\",\"@graph\":[{\"@type\":\"WebPage\",\"@id\":\"https:\/\/sala.krzyzewscy.pl\/?page_id=135\",\"url\":\"https:\/\/sala.krzyzewscy.pl\/?page_id=135\",\"name\":\"Kontakt - Sala bankietowa Krzy\u017cewscy\",\"isPartOf\":{\"@id\":\"https:\/\/sala.krzyzewscy.pl\/#website\"},\"primaryImageOfPage\":{\"@id\":\"https:\/\/sala.krzyzewscy.pl\/?page_id=135#primaryimage\"},\"image\":{\"@id\":\"https:\/\/sala.krzyzewscy.pl\/?page_id=135#primaryimage\"},\"thumbnailUrl\":\"https:\/\/sala.krzyzewscy.pl\/wp-content\/uploads\/2023\/10\/LOGO-przezroczyste.png\",\"datePublished\":\"2023-11-01T16:21:46+00:00\",\"dateModified\":\"2025-03-20T09:41:59+00:00\",\"breadcrumb\":{\"@id\":\"https:\/\/sala.krzyzewscy.pl\/?page_id=135#breadcrumb\"},\"inLanguage\":\"pl-PL\",\"potentialAction\":[{\"@type\":\"ReadAction\",\"target\":[\"https:\/\/sala.krzyzewscy.pl\/?page_id=135\"]}]},{\"@type\":\"ImageObject\",\"inLanguage\":\"pl-PL\",\"@id\":\"https:\/\/sala.krzyzewscy.pl\/?page_id=135#primaryimage\",\"url\":\"https:\/\/sala.krzyzewscy.pl\/wp-content\/uploads\/2023\/10\/LOGO-przezroczyste.png\",\"contentUrl\":\"https:\/\/sala.krzyzewscy.pl\/wp-content\/uploads\/2023\/10\/LOGO-przezroczyste.png\",\"width\":500,\"height\":500},{\"@type\":\"BreadcrumbList\",\"@id\":\"https:\/\/sala.krzyzewscy.pl\/?page_id=135#breadcrumb\",\"itemListElement\":[{\"@type\":\"ListItem\",\"position\":1,\"name\":\"Strona g\u0142\u00f3wna\",\"item\":\"https:\/\/sala.krzyzewscy.pl\/\"},{\"@type\":\"ListItem\",\"position\":2,\"name\":\"Kontakt\"}]},{\"@type\":\"WebSite\",\"@id\":\"https:\/\/sala.krzyzewscy.pl\/#website\",\"url\":\"https:\/\/sala.krzyzewscy.pl\/\",\"name\":\"Sala bankietowa Krzy\u017cewscy\",\"description\":\"wesela, przyj\u0119cia, imprezy\",\"publisher\":{\"@id\":\"https:\/\/sala.krzyzewscy.pl\/#organization\"},\"alternateName\":\"Sala Weselna Krzy\u017cewscy\",\"potentialAction\":[{\"@type\":\"SearchAction\",\"target\":{\"@type\":\"EntryPoint\",\"urlTemplate\":\"https:\/\/sala.krzyzewscy.pl\/?s={search_term_string}\"},\"query-input\":{\"@type\":\"PropertyValueSpecification\",\"valueRequired\":true,\"valueName\":\"search_term_string\"}}],\"inLanguage\":\"pl-PL\"},{\"@type\":\"Organization\",\"@id\":\"https:\/\/sala.krzyzewscy.pl\/#organization\",\"name\":\"Sala bankietowa Krzy\u017cewscy\",\"alternateName\":\"Sala Weselna Krzy\u017cewscy\",\"url\":\"https:\/\/sala.krzyzewscy.pl\/\",\"logo\":{\"@type\":\"ImageObject\",\"inLanguage\":\"pl-PL\",\"@id\":\"https:\/\/sala.krzyzewscy.pl\/#\/schema\/logo\/image\/\",\"url\":\"https:\/\/sala.krzyzewscy.pl\/wp-content\/uploads\/2025\/11\/cropped-cropped-LOGO-bez-tla-aktualne-2025-1.png\",\"contentUrl\":\"https:\/\/sala.krzyzewscy.pl\/wp-content\/uploads\/2025\/11\/cropped-cropped-LOGO-bez-tla-aktualne-2025-1.png\",\"width\":346,\"height\":345,\"caption\":\"Sala bankietowa Krzy\u017cewscy\"},\"image\":{\"@id\":\"https:\/\/sala.krzyzewscy.pl\/#\/schema\/logo\/image\/\"},\"sameAs\":[\"https:\/\/www.facebook.com\/profile.php?id=100065299038158\",\"https:\/\/www.instagram.com\/krzyzewscy_sala_bankietowa\/\"]}]}<\/script>\n<!-- \/ Yoast SEO plugin. -->","yoast_head_json":{"title":"Kontakt - Sala bankietowa Krzy\u017cewscy","robots":{"index":"index","follow":"follow","max-snippet":"max-snippet:-1","max-image-preview":"max-image-preview:large","max-video-preview":"max-video-preview:-1"},"canonical":"https:\/\/sala.krzyzewscy.pl\/?page_id=135","og_locale":"pl_PL","og_type":"article","og_title":"Kontakt - Sala bankietowa Krzy\u017cewscy","og_description":"Sala znajduje si\u0119 w sercu Kurpi, z dala od miejskiego zgie\u0142ku pomi\u0119dzy Myszy\u0144cem a Ostro\u0142\u0119k\u0105.","og_url":"https:\/\/sala.krzyzewscy.pl\/?page_id=135","og_site_name":"Sala bankietowa Krzy\u017cewscy","article_publisher":"https:\/\/www.facebook.com\/profile.php?id=100065299038158","article_modified_time":"2025-03-20T09:41:59+00:00","og_image":[{"width":500,"height":500,"url":"https:\/\/sala.krzyzewscy.pl\/wp-content\/uploads\/2023\/10\/LOGO-przezroczyste.png","type":"image\/png"}],"twitter_card":"summary_large_image","twitter_misc":{"Szacowany czas czytania":"1 minuta"},"schema":{"@context":"https:\/\/schema.org","@graph":[{"@type":"WebPage","@id":"https:\/\/sala.krzyzewscy.pl\/?page_id=135","url":"https:\/\/sala.krzyzewscy.pl\/?page_id=135","name":"Kontakt - Sala bankietowa Krzy\u017cewscy","isPartOf":{"@id":"https:\/\/sala.krzyzewscy.pl\/#website"},"primaryImageOfPage":{"@id":"https:\/\/sala.krzyzewscy.pl\/?page_id=135#primaryimage"},"image":{"@id":"https:\/\/sala.krzyzewscy.pl\/?page_id=135#primaryimage"},"thumbnailUrl":"https:\/\/sala.krzyzewscy.pl\/wp-content\/uploads\/2023\/10\/LOGO-przezroczyste.png","datePublished":"2023-11-01T16:21:46+00:00","dateModified":"2025-03-20T09:41:59+00:00","breadcrumb":{"@id":"https:\/\/sala.krzyzewscy.pl\/?page_id=135#breadcrumb"},"inLanguage":"pl-PL","potentialAction":[{"@type":"ReadAction","target":["https:\/\/sala.krzyzewscy.pl\/?page_id=135"]}]},{"@type":"ImageObject","inLanguage":"pl-PL","@id":"https:\/\/sala.krzyzewscy.pl\/?page_id=135#primaryimage","url":"https:\/\/sala.krzyzewscy.pl\/wp-content\/uploads\/2023\/10\/LOGO-przezroczyste.png","contentUrl":"https:\/\/sala.krzyzewscy.pl\/wp-content\/uploads\/2023\/10\/LOGO-przezroczyste.png","width":500,"height":500},{"@type":"BreadcrumbList","@id":"https:\/\/sala.krzyzewscy.pl\/?page_id=135#breadcrumb","itemListElement":[{"@type":"ListItem","position":1,"name":"Strona g\u0142\u00f3wna","item":"https:\/\/sala.krzyzewscy.pl\/"},{"@type":"ListItem","position":2,"name":"Kontakt"}]},{"@type":"WebSite","@id":"https:\/\/sala.krzyzewscy.pl\/#website","url":"https:\/\/sala.krzyzewscy.pl\/","name":"Sala bankietowa Krzy\u017cewscy","description":"wesela, przyj\u0119cia, imprezy","publisher":{"@id":"https:\/\/sala.krzyzewscy.pl\/#organization"},"alternateName":"Sala Weselna Krzy\u017cewscy","potentialAction":[{"@type":"SearchAction","target":{"@type":"EntryPoint","urlTemplate":"https:\/\/sala.krzyzewscy.pl\/?s={search_term_string}"},"query-input":{"@type":"PropertyValueSpecification","valueRequired":true,"valueName":"search_term_string"}}],"inLanguage":"pl-PL"},{"@type":"Organization","@id":"https:\/\/sala.krzyzewscy.pl\/#organization","name":"Sala bankietowa Krzy\u017cewscy","alternateName":"Sala Weselna Krzy\u017cewscy","url":"https:\/\/sala.krzyzewscy.pl\/","logo":{"@type":"ImageObject","inLanguage":"pl-PL","@id":"https:\/\/sala.krzyzewscy.pl\/#\/schema\/logo\/image\/","url":"https:\/\/sala.krzyzewscy.pl\/wp-content\/uploads\/2025\/11\/cropped-cropped-LOGO-bez-tla-aktualne-2025-1.png","contentUrl":"https:\/\/sala.krzyzewscy.pl\/wp-content\/uploads\/2025\/11\/cropped-cropped-LOGO-bez-tla-aktualne-2025-1.png","width":346,"height":345,"caption":"Sala bankietowa Krzy\u017cewscy"},"image":{"@id":"https:\/\/sala.krzyzewscy.pl\/#\/schema\/logo\/image\/"},"sameAs":["https:\/\/www.facebook.com\/profile.php?id=100065299038158","https:\/\/www.instagram.com\/krzyzewscy_sala_bankietowa\/"]}]}},"uagb_featured_image_src":{"full":false,"thumbnail":false,"medium":false,"medium_large":false,"large":false,"1536x1536":false,"2048x2048":false,"ocean-thumb-m":false,"ocean-thumb-ml":false,"ocean-thumb-l":false},"uagb_author_info":{"display_name":"Feder92","author_link":"https:\/\/sala.krzyzewscy.pl\/?author=1"},"uagb_comment_info":0,"uagb_excerpt":"Sala znajduje si\u0119 w sercu Kurpi, z dala od miejskiego zgie\u0142ku pomi\u0119dzy Myszy\u0144cem a Ostro\u0142\u0119k\u0105.","_links":{"self":[{"href":"https:\/\/sala.krzyzewscy.pl\/index.php?rest_route=\/wp\/v2\/pages\/135","targetHints":{"allow":["GET"]}}],"collection":[{"href":"https:\/\/sala.krzyzewscy.pl\/index.php?rest_route=\/wp\/v2\/pages"}],"about":[{"href":"https:\/\/sala.krzyzewscy.pl\/index.php?rest_route=\/wp\/v2\/types\/page"}],"author":[{"embeddable":true,"href":"https:\/\/sala.krzyzewscy.pl\/index.php?rest_route=\/wp\/v2\/users\/1"}],"replies":[{"embeddable":true,"href":"https:\/\/sala.krzyzewscy.pl\/index.php?rest_route=%2Fwp%2Fv2%2Fcomments&post=135"}],"version-history":[{"count":32,"href":"https:\/\/sala.krzyzewscy.pl\/index.php?rest_route=\/wp\/v2\/pages\/135\/revisions"}],"predecessor-version":[{"id":383,"href":"https:\/\/sala.krzyzewscy.pl\/index.php?rest_route=\/wp\/v2\/pages\/135\/revisions\/383"}],"wp:attachment":[{"href":"https:\/\/sala.krzyzewscy.pl\/index.php?rest_route=%2Fwp%2Fv2%2Fmedia&parent=135"}],"curies":[{"name":"wp","href":"https:\/\/api.w.org\/{rel}","templated":true}]}}